{"id":42,"date":"2020-08-06T15:36:15","date_gmt":"2020-08-06T15:36:15","guid":{"rendered":"https:\/\/climarisq.ipsl.fr\/?page_id=42"},"modified":"2025-10-16T08:53:17","modified_gmt":"2025-10-16T08:53:17","slug":"objectifs-pedagogiques","status":"publish","type":"page","link":"https:\/\/climarisq.ipsl.fr\/it\/objectifs-pedagogiques\/","title":{"rendered":"OBIETTIVI PEDAGOGICI"},"content":{"rendered":"\n<p><strong>ClimarisQ \u00e8 un gioco e uno strumento educativo che aiuta a capire:<\/strong><\/p>\n\n\n\n<ol class=\"wp-block-list\"><li>L&#8217;urgenza di un&#8217;azione collettiva per limitare gli effetti negativi del cambiamento climatico (L&#8217;importanza di limitare le emissioni di gas serra).<\/li><li>La molteplicit\u00e0 dei componenti del clima che interagiscono, cos\u00ec come la non linearit\u00e0 dei processi alla base delle dinamiche climatiche (Effetti ritardati, amplificazione, effetti di rimbalzo).<\/li><li>Le imprevedibilit\u00e0 nella previsione e proiezione di eventi meteorologici estremi (Luoghi e tempi imprevedibili ma frequenze prevedibili).<\/li><\/ol>\n\n\n\n<div class=\"wp-block-image\"><figure class=\"aligncenter size-large is-resized\"><img loading=\"lazy\" decoding=\"async\" src=\"https:\/\/climarisq.ipsl.fr\/wp-content\/uploads\/2021\/09\/image-3-1024x609.png\" alt=\"\" class=\"wp-image-243\" width=\"668\" height=\"397\" srcset=\"https:\/\/climarisq.ipsl.fr\/wp-content\/uploads\/2021\/09\/image-3-1024x609.png 1024w, https:\/\/climarisq.ipsl.fr\/wp-content\/uploads\/2021\/09\/image-3-300x178.png 300w, https:\/\/climarisq.ipsl.fr\/wp-content\/uploads\/2021\/09\/image-3-768x457.png 768w, https:\/\/climarisq.ipsl.fr\/wp-content\/uploads\/2021\/09\/image-3-740x440.png 740w, https:\/\/climarisq.ipsl.fr\/wp-content\/uploads\/2021\/09\/image-3-400x238.png 400w, https:\/\/climarisq.ipsl.fr\/wp-content\/uploads\/2021\/09\/image-3.png 1519w\" sizes=\"auto, (max-width: 668px) 100vw, 668px\" \/><\/figure><\/div>\n\n\n\n<p><strong>Un gioco per l&#8217;istruzione secondaria<\/strong><\/p>\n\n\n\n<p>Il concetto, le domande poste e la difficolt\u00e0 di ClimarisQ sono fatti su misura per il livello e il curriculum delle scuole superiori. Il gioco, che \u00e8 gi\u00e0 stato testato con successo dalle classi delle scuole superiori, stimola il dibattito sulle scelte da fare di fronte al cambiamento climatico. Proponiamo due modalit\u00e0 per giocare a ClimarisQ nelle scuole: &#8220;single-player&#8221; e &#8220;multi-player&#8221;.<\/p>\n\n\n\n<div class=\"wp-block-image\"><figure class=\"aligncenter size-large is-resized\"><img loading=\"lazy\" decoding=\"async\" src=\"https:\/\/climarisq.ipsl.fr\/wp-content\/uploads\/2021\/09\/image-6.png\" alt=\"\" class=\"wp-image-250\" width=\"588\" height=\"303\" srcset=\"https:\/\/climarisq.ipsl.fr\/wp-content\/uploads\/2021\/09\/image-6.png 1020w, https:\/\/climarisq.ipsl.fr\/wp-content\/uploads\/2021\/09\/image-6-300x155.png 300w, https:\/\/climarisq.ipsl.fr\/wp-content\/uploads\/2021\/09\/image-6-768x396.png 768w, https:\/\/climarisq.ipsl.fr\/wp-content\/uploads\/2021\/09\/image-6-740x382.png 740w, https:\/\/climarisq.ipsl.fr\/wp-content\/uploads\/2021\/09\/image-6-400x206.png 400w\" sizes=\"auto, (max-width: 588px) 100vw, 588px\" \/><\/figure><\/div>\n\n\n\n<p>Un&#8217;ora di lezione dedicata a ClimarisQ \u00e8 pienamente* sufficiente per i) spiegare la meccanica di gioco (~10 minuti), ii) giocare (~20 minuti), iii) discutere i risultati.  Il <em>game-over<\/em> mostra sia la deviazione in PPM (parti per milione) di CO2 dallo <strong>scenario intermedio di emissioni di gas serra stabilito dall&#8217;IPCC (RCP4.5)<\/strong>, che il numero di<strong> round di gioco di sopravvivenza<\/strong>. Questi elementi stimolano la discussione che pu\u00f2 essere guidata dagli insegnanti sulla base delle informazioni presentate in questo sito e\/o contattando il team di ClimarisQ, che \u00e8 sempre disponibile a dare consigli sul progetto. <\/p>\n\n\n\n<p>*se gli studenti hanno un set di computer collegati a internet.<\/p>\n","protected":false},"excerpt":{"rendered":"<p>ClimarisQ \u00e8 un gioco e uno strumento educativo che aiuta a capire: L&#8217;urgenza di un&#8217;azione collettiva per limitare gli effetti negativi del cambiamento climatico (L&#8217;importanza di limitare le emissioni di gas serra). La molteplicit\u00e0 dei componenti del clima che interagiscono, cos\u00ec come la non linearit\u00e0 dei processi alla base delle dinamiche climatiche (Effetti ritardati, amplificazione,&hellip; <a class=\"more-link\" href=\"https:\/\/climarisq.ipsl.fr\/it\/objectifs-pedagogiques\/\">Continue reading &rarr;<\/a><\/p>\n","protected":false},"author":4,"featured_media":0,"parent":0,"menu_order":0,"comment_status":"closed","ping_status":"closed","template":"","meta":{"footnotes":""},"class_list":["post-42","page","type-page","status-publish","hentry"],"translation":{"provider":"WPGlobus","version":"3.0.2","language":"it","enabled_languages":["fr","en","it","es"],"languages":{"fr":{"title":true,"content":true,"excerpt":false},"en":{"title":true,"content":true,"excerpt":false},"it":{"title":true,"content":true,"excerpt":false},"es":{"title":true,"content":true,"excerpt":false}}},"_links":{"self":[{"href":"https:\/\/climarisq.ipsl.fr\/it\/wp-json\/wp\/v2\/pages\/42","targetHints":{"allow":["GET"]}}],"collection":[{"href":"https:\/\/climarisq.ipsl.fr\/it\/wp-json\/wp\/v2\/pages"}],"about":[{"href":"https:\/\/climarisq.ipsl.fr\/it\/wp-json\/wp\/v2\/types\/page"}],"author":[{"embeddable":true,"href":"https:\/\/climarisq.ipsl.fr\/it\/wp-json\/wp\/v2\/users\/4"}],"replies":[{"embeddable":true,"href":"https:\/\/climarisq.ipsl.fr\/it\/wp-json\/wp\/v2\/comments?post=42"}],"version-history":[{"count":13,"href":"https:\/\/climarisq.ipsl.fr\/it\/wp-json\/wp\/v2\/pages\/42\/revisions"}],"predecessor-version":[{"id":438,"href":"https:\/\/climarisq.ipsl.fr\/it\/wp-json\/wp\/v2\/pages\/42\/revisions\/438"}],"wp:attachment":[{"href":"https:\/\/climarisq.ipsl.fr\/it\/wp-json\/wp\/v2\/media?parent=42"}],"curies":[{"name":"wp","href":"https:\/\/api.w.org\/{rel}","templated":true}]}}