{"id":23,"date":"2020-08-04T20:41:34","date_gmt":"2020-08-04T20:41:34","guid":{"rendered":"https:\/\/climarisq.ipsl.fr\/?page_id=23"},"modified":"2025-10-16T08:53:17","modified_gmt":"2025-10-16T08:53:17","slug":"credits","status":"publish","type":"page","link":"https:\/\/climarisq.ipsl.fr\/it\/credits\/","title":{"rendered":"RINGRAZIAMENTI"},"content":{"rendered":"\n<p><em>ClimarisQ<\/em>&nbsp;\u00e8 un gioco ideato da <a href=\"https:\/\/www.lsce.ipsl.fr\/Pisp\/davide.faranda\/\" data-type=\"URL\" data-id=\"https:\/\/www.lsce.ipsl.fr\/Pisp\/davide.faranda\/\">Davide Faranda<\/a>, ricercatore  CNRS, nell&#8217;ambito dell&#8217;<a href=\"https:\/\/www.cnrs.fr\/fr\/evenement\/incubateur_mediation\">Incubatore di mediazione scientifica CNRS &#8211; AMCSTI &#8211; ISC-PIF sui sistemi complessi<\/a>. Lo sviluppo di ClimarisQ, prodotto dalla societ\u00e0 di videogiochi <a href=\"http:\/\/www.opalgames.fr\">Opal Games<\/a>, \u00e8 stato sostenuto finanziariamente dall<strong>&#8216;Universit\u00e0 di Parigi-Saclay&nbsp;:&nbsp;<\/strong><a href=\"https:\/\/www.ladiagonale-paris-saclay.fr\/\"><strong>La Diagonale Paris-Saclay<\/strong><\/a><strong>.<\/strong>&nbsp;Il progetto inoltre \u00e9 stato supportato dalle seguenti istituzioni:<\/p>\n\n\n\n<ul class=\"wp-block-list\">\n<li>Il&nbsp;<a href=\"https:\/\/www.lsce.ipsl.fr\/\"><strong>Laboratoire des Sciences du Climat et de l&#8217;Evironnement<\/strong><\/a><strong> <\/strong>(LSCE) e <a href=\"https:\/\/www.ipsl.fr\/\"><strong>l&#8217;Institut Pierre Simon Laplace<\/strong><\/a> (IPSL) stanno sviluppando la parte scientifica del gioco.&nbsp;LSCE fornisce il supporto scientifico e la &#8220;traduzione&#8221; in costo del carbonio delle scelte dei giocatori.<\/li>\n\n\n\n<li>Il&nbsp;<a href=\"https:\/\/www.cnrs. it\/it\/page-daccueil\"><strong>CNRS<\/strong><\/a> si impegna a sostenere&nbsp;<em>ClimarisQ<\/em>&nbsp;nei forum di mediazione, promuovere&nbsp;<em>ClimarisQ<\/em>&nbsp;sulle reti sociali. <\/li>\n\n\n\n<li>Il <strong><u>CEA<\/u><\/strong>&nbsp;sostiene la promozione di&nbsp;<em>ClimarisQ&nbsp;<\/em>organizzando attivit\u00e0 di comunicazione&nbsp;: Festival Internazionale dei Giochi (Cannes, 2020), the Weather\/Climate Forum 2021, diffusione sui social network e siti web. <\/li>\n\n\n\n<li><a href=\"http:\/\/universcience.fr\/fr\/nous-connaitre\/palais-de-la-decouverte\/\"><strong>Universcience, la Cit\u00e9 des sciences e il Palais de la&nbsp;d\u00e9couverte<\/strong><\/a>, partner coinvolti nella stesura e progettazione del progetto, partecipano alle attivit\u00e0 di mediazione del gioco.<\/li>\n\n\n\n<li><a href=\"https:\/\/www.su-ite. eu\/\"><strong>L&#8217;Institut de la Transition Environnementale (ITE) de Sorbonne Universit\u00e9<\/strong><\/a> ha contribuito allo sviluppo di questo videogioco con i video NEXUS-CLES sul cambiamento climatico<\/li>\n\n\n\n<li><strong>Il <a href=\"https:\/\/lml.org.uk\/\">London Mathematical Laboratorty (LML) <\/a><\/strong>ha contribuito allo sviluppo del gioco con l&#8217;aiuto di <a href=\"https:\/\/www.executivesc.com\/\"><strong>Executive Support Consultants<\/strong><\/a><\/li>\n<\/ul>\n\n\n<div class=\"wp-block-image\">\n<figure class=\"aligncenter size-large is-resized\"><img loading=\"lazy\" decoding=\"async\" src=\"https:\/\/climarisq.ipsl.fr\/wp-content\/uploads\/2021\/09\/logo-789x1024.png\" alt=\"\" class=\"wp-image-186\" width=\"516\" height=\"670\" srcset=\"https:\/\/climarisq.ipsl.fr\/wp-content\/uploads\/2021\/09\/logo-789x1024.png 789w, https:\/\/climarisq.ipsl.fr\/wp-content\/uploads\/2021\/09\/logo-231x300.png 231w, https:\/\/climarisq.ipsl.fr\/wp-content\/uploads\/2021\/09\/logo-768x996.png 768w, https:\/\/climarisq.ipsl.fr\/wp-content\/uploads\/2021\/09\/logo-740x960.png 740w, https:\/\/climarisq.ipsl.fr\/wp-content\/uploads\/2021\/09\/logo-400x519.png 400w, https:\/\/climarisq.ipsl.fr\/wp-content\/uploads\/2021\/09\/logo.png 902w\" sizes=\"auto, (max-width: 516px) 100vw, 516px\" \/><\/figure>\n<\/div>\n\n\n<p><span style=\"text-decoration: underline;\"><strong>Autori<\/strong><\/span><\/p>\n\n\n\n<ul class=\"wp-block-list\">\n<li><strong><a href=\"https:\/\/www.lsce.ipsl.fr\/Pisp\/davide.faranda\/\">Davide Faranda<\/a><\/strong> (LSCE, IPSL, CNRS, CEA Saclay, Universit\u00e9 Paris Saclay, UVSQ), ideatore, autore dei testi e delle traduzioni inglese e italiana, responsabile scientifico del progetto <em>ClimarisQ<\/em>. <\/li>\n\n\n\n<li><strong>Lucas Taligrot<\/strong> (LSCE, IPSL, CNRS, CEA Saclay, Universit\u00e9 Paris Saclay, UVSQ), responsabile del progetto e della comunicazione <em>ClimarisQ<\/em><\/li>\n\n\n\n<li><strong>Nada Caud<\/strong>&nbsp;(LSCE, IPSL, CNRS, CEA Saclay, Universit\u00e9 Paris Saclay, UVSQ), responsabile della comunicazione del <em>ClimarisQ<\/em><\/li>\n\n\n\n<li><strong>Anne Teyss\u00e8dre<\/strong> (SU-ITE), ecologista e mediatrice scientifica interdisciplinare, coinvolta nella redazione e nell&#8217;ideazione del progetto. <\/li>\n\n\n\n<li>Il team di <strong>Opal Games<\/strong>: Fran\u00e7ois Renou (project manager \/ game designer), Renaud Chanin (programmatore), Philippe Caseiro (grafico)<\/li>\n<\/ul>\n\n\n\n<p><strong>Contributori<\/strong><\/p>\n\n\n\n<ul class=\"wp-block-list\">\n<li>Soulivanh Thao, Pascal Yiou, Mathieu Vrac, Nathalie de Noblet, Philippe Naveau &amp; Robert Vautard&nbsp; (ESTIMR-LSCE-IPSL, ricercatori)<\/li>\n\n\n\n<li>C\u00e9line Lipari, V\u00e9ronique Arnaud (Comunicazione CEA)<\/li>\n\n\n\n<li>Marielle Verg\u00e9s (Universcience, mediatrice scientifica alla Cit\u00e9 des sciences et de l&#8217;industrie e project manager al Palais de la d\u00e9couverte), progetti di mediazione ClimarisQ.<\/li>\n\n\n\n<li>Alain Mazaud (Comunicazione LSCE IPSL)<\/li>\n\n\n\n<li>Catherine Senior, Isabelle Genau e Marie Pinhas (Comunicazione IPSL)<\/li>\n\n\n\n<li>Marjorie Tarjon&nbsp; (Comunicazione la Diagonale &#8211; Paris Saclay)<\/li>\n\n\n\n<li>Emilie Smondack (Comunicazione CNRS)<\/li>\n\n\n\n<li>Chloe Scragg (Consulente per la versione inglese)<\/li>\n\n\n\n<li>Heloise Breon &amp; Soren Francois (stagisti)<\/li>\n\n\n\n<li>Strate (design):&nbsp; Bastien Perdriault, Natalia Vankovic, Anaelle Grosbois, Victor Duflos, Pierre-Alain Auclair, Paul-Maxence Baraton, Clarisse Derobert-Masure<\/li>\n\n\n\n<li>Laurent Desse, Maxime Jacquot, Elodie Vigner (Contributori)<\/li>\n\n\n\n<li>Mireia Ginesta, traduzione spagnola<\/li>\n\n\n\n<li>Meriem Krouma, traduzione in arabo<\/li>\n\n\n\n<li>Andra Covaciu, traduzione in romeno<\/li>\n<\/ul>\n","protected":false},"excerpt":{"rendered":"<p>ClimarisQ&nbsp;\u00e8 un gioco ideato da Davide Faranda, ricercatore CNRS, nell&#8217;ambito dell&#8217;Incubatore di mediazione scientifica CNRS &#8211; AMCSTI &#8211; ISC-PIF sui sistemi complessi. Lo sviluppo di ClimarisQ, prodotto dalla societ\u00e0 di videogiochi Opal Games, \u00e8 stato sostenuto finanziariamente dall&#8216;Universit\u00e0 di Parigi-Saclay&nbsp;:&nbsp;La Diagonale Paris-Saclay.&nbsp;Il progetto inoltre \u00e9 stato supportato dalle seguenti istituzioni: Autori Contributori<\/p>\n","protected":false},"author":4,"featured_media":0,"parent":0,"menu_order":0,"comment_status":"closed","ping_status":"closed","template":"","meta":{"footnotes":""},"class_list":["post-23","page","type-page","status-publish","hentry"],"translation":{"provider":"WPGlobus","version":"3.0.2","language":"it","enabled_languages":["fr","en","it","es"],"languages":{"fr":{"title":true,"content":true,"excerpt":false},"en":{"title":true,"content":true,"excerpt":false},"it":{"title":true,"content":true,"excerpt":false},"es":{"title":true,"content":true,"excerpt":false}}},"_links":{"self":[{"href":"https:\/\/climarisq.ipsl.fr\/it\/wp-json\/wp\/v2\/pages\/23","targetHints":{"allow":["GET"]}}],"collection":[{"href":"https:\/\/climarisq.ipsl.fr\/it\/wp-json\/wp\/v2\/pages"}],"about":[{"href":"https:\/\/climarisq.ipsl.fr\/it\/wp-json\/wp\/v2\/types\/page"}],"author":[{"embeddable":true,"href":"https:\/\/climarisq.ipsl.fr\/it\/wp-json\/wp\/v2\/users\/4"}],"replies":[{"embeddable":true,"href":"https:\/\/climarisq.ipsl.fr\/it\/wp-json\/wp\/v2\/comments?post=23"}],"version-history":[{"count":40,"href":"https:\/\/climarisq.ipsl.fr\/it\/wp-json\/wp\/v2\/pages\/23\/revisions"}],"predecessor-version":[{"id":516,"href":"https:\/\/climarisq.ipsl.fr\/it\/wp-json\/wp\/v2\/pages\/23\/revisions\/516"}],"wp:attachment":[{"href":"https:\/\/climarisq.ipsl.fr\/it\/wp-json\/wp\/v2\/media?parent=23"}],"curies":[{"name":"wp","href":"https:\/\/api.w.org\/{rel}","templated":true}]}}