{"id":138,"date":"2021-05-21T15:00:44","date_gmt":"2021-05-21T15:00:44","guid":{"rendered":"https:\/\/climarisq.ipsl.fr\/?page_id=138"},"modified":"2025-10-16T08:53:17","modified_gmt":"2025-10-16T08:53:17","slug":"emissions-co2-et-numerique","status":"publish","type":"page","link":"https:\/\/climarisq.ipsl.fr\/it\/emissions-co2-et-numerique\/","title":{"rendered":"EMISSIONI DI CO2 E DIGITALE"},"content":{"rendered":"\n<p><strong>I buoni gesti ecologici del mondo digitale<\/strong><\/p>\n\n\n\n<p>ClimarisQ \u00e8 un videogioco e, come tutti gli usi digitali, i giochi sono parte integrante della nostra vita quotidiana. Gli strumenti digitali migliorano gli scambi e la condivisione delle informazioni. Se possiamo identificare i punti positivi di questi sviluppi da un punto di vista ecologico grazie alla riduzione dei nostri viaggi, ci sono anche elementi che possono aumentare le emissioni di gas serra come la moltiplicazione delle attrezzature, l&#8217;aumento del consumo di energia e di materie prime, l&#8217;aumento delle emissioni di gas serra, la produzione di rifiuti,\u2026 Ecco alcuni consigli su come usare la tecnologia digitale in modo ecologico. <\/p>\n\n\n\n<div class=\"wp-block-image\"><figure class=\"aligncenter size-large is-resized\"><img loading=\"lazy\" decoding=\"async\" src=\"https:\/\/climarisq.ipsl.fr\/wp-content\/uploads\/2021\/09\/image-13.png\" alt=\"\" class=\"wp-image-278\" width=\"294\" height=\"265\" srcset=\"https:\/\/climarisq.ipsl.fr\/wp-content\/uploads\/2021\/09\/image-13.png 662w, https:\/\/climarisq.ipsl.fr\/wp-content\/uploads\/2021\/09\/image-13-300x271.png 300w, https:\/\/climarisq.ipsl.fr\/wp-content\/uploads\/2021\/09\/image-13-400x361.png 400w\" sizes=\"auto, (max-width: 294px) 100vw, 294px\" \/><\/figure><\/div>\n\n\n\n<p><strong>Digitale e&#8230; Materiale!<\/strong><\/p>\n\n\n\n<p>Paradossalmente, pi\u00f9 dematerializziamo, pi\u00f9 materiali usiamo. Pi\u00f9 miniaturizziamo e rendiamo i componenti pi\u00f9 complessi, pi\u00f9 pesanti il loro impatto sull&#8217;ambiente. La produzione di componenti complessi componenti complessi richiede molta energia, trattamenti chimici e metalli rari: il tantalio, per esempio, che \u00e8 essenziale per Il tantalio, per esempio, che \u00e8 essenziale per i telefoni cellulari; o l&#8217;indio, che \u00e8 essenziale per i telefoni piatti. La fase di produzione \u00e8 anche pi\u00f9 energivora della fase di utilizzo da parte del consumatore. La fase di produzione \u00e8 anche pi\u00f9 energivora della fase di utilizzo del prodotto da parte dei consumatori. Emette anche pi\u00f9 Anche le emissioni di CO2, dato che la maggior parte dei componenti sono prodotti in Cina o in Corea, la cui elettricit\u00e0 proviene dal carbone e quindi e quindi pesa molto sul cambiamento climatico. Il loro trasporto (di solito in aereo) aumenta il peso. Per limitare questi impatti, \u00e8 essenziale evitare di sostituire i nostri oggetti troppo frequentemente, poich\u00e9 il riciclaggio dei componenti elettronici \u00e8 complesso e costoso.<\/p>\n","protected":false},"excerpt":{"rendered":"<p>I buoni gesti ecologici del mondo digitale ClimarisQ \u00e8 un videogioco e, come tutti gli usi digitali, i giochi sono parte integrante della nostra vita quotidiana. Gli strumenti digitali migliorano gli scambi e la condivisione delle informazioni. Se possiamo identificare i punti positivi di questi sviluppi da un punto di vista ecologico grazie alla riduzione&hellip; <a class=\"more-link\" href=\"https:\/\/climarisq.ipsl.fr\/it\/emissions-co2-et-numerique\/\">Continue reading &rarr;<\/a><\/p>\n","protected":false},"author":3,"featured_media":0,"parent":0,"menu_order":0,"comment_status":"closed","ping_status":"closed","template":"","meta":{"footnotes":""},"class_list":["post-138","page","type-page","status-publish","hentry"],"translation":{"provider":"WPGlobus","version":"3.0.2","language":"it","enabled_languages":["fr","en","it","es"],"languages":{"fr":{"title":true,"content":true,"excerpt":false},"en":{"title":true,"content":true,"excerpt":false},"it":{"title":true,"content":true,"excerpt":false},"es":{"title":true,"content":true,"excerpt":false}}},"_links":{"self":[{"href":"https:\/\/climarisq.ipsl.fr\/it\/wp-json\/wp\/v2\/pages\/138","targetHints":{"allow":["GET"]}}],"collection":[{"href":"https:\/\/climarisq.ipsl.fr\/it\/wp-json\/wp\/v2\/pages"}],"about":[{"href":"https:\/\/climarisq.ipsl.fr\/it\/wp-json\/wp\/v2\/types\/page"}],"author":[{"embeddable":true,"href":"https:\/\/climarisq.ipsl.fr\/it\/wp-json\/wp\/v2\/users\/3"}],"replies":[{"embeddable":true,"href":"https:\/\/climarisq.ipsl.fr\/it\/wp-json\/wp\/v2\/comments?post=138"}],"version-history":[{"count":22,"href":"https:\/\/climarisq.ipsl.fr\/it\/wp-json\/wp\/v2\/pages\/138\/revisions"}],"predecessor-version":[{"id":444,"href":"https:\/\/climarisq.ipsl.fr\/it\/wp-json\/wp\/v2\/pages\/138\/revisions\/444"}],"wp:attachment":[{"href":"https:\/\/climarisq.ipsl.fr\/it\/wp-json\/wp\/v2\/media?parent=138"}],"curies":[{"name":"wp","href":"https:\/\/api.w.org\/{rel}","templated":true}]}}