{"id":59,"date":"2021-05-20T13:09:24","date_gmt":"2021-05-20T13:09:24","guid":{"rendered":"https:\/\/climarisq.ipsl.fr\/?page_id=59"},"modified":"2025-10-16T08:53:17","modified_gmt":"2025-10-16T08:53:17","slug":"le-rechauffement-climatique","status":"publish","type":"page","link":"https:\/\/climarisq.ipsl.fr\/es\/le-rechauffement-climatique\/","title":{"rendered":"EL CLIMA Y EL CAMBIO CLIM\u00c1TICO"},"content":{"rendered":"\n<p>Uno de los objetivos de ClimarisQ es explicar la complejidad del clima. El clima es el promedio de las condiciones meteorol\u00f3gicas que prevalecen en una regi\u00f3n determinada durante un largo periodo de tiempo. Para la Organizaci\u00f3n Meteorol\u00f3gica Mundial, el periodo de referencia debe ser de al menos 30 a\u00f1os.<\/p>\n\n\n\n<div class=\"wp-block-image\"><figure class=\"aligncenter is-resized\"><img loading=\"lazy\" decoding=\"async\" src=\"https:\/\/climarisq.ipsl.fr\/wp-content\/uploads\/2021\/05\/image-5.png\" alt=\"L\u2019attribut alt de cette image est vide, son nom de fichier est image-5.png.\" width=\"393\" height=\"263\"\/><\/figure><\/div>\n\n\n\n<p><strong>El sistema clim\u00e1tico: un conjunto de muchas capas interconectadas<\/strong><\/p>\n\n\n\n<p>El estudio del clima requiere definir el sistema clim\u00e1tico, un sistema complejo formado por cinco componentes principales:<\/p>\n\n\n\n<p>-La Atm\u00f3sfera<br>-La litosfera (superficies continentales)<br>-La hidrosfera (oc\u00e9anos, lagos, r\u00edos, aguas subterr\u00e1neas\u2026)<br>-La criosfera (hielo terrestre o marino, cubierta de nieve)<br>-La biosfera (todos los organismos vivos en el aire, la tierra y los oc\u00e9anos)<\/p>\n\n\n\n<div class=\"wp-block-image\"><figure class=\"aligncenter\"><img decoding=\"async\" src=\"https:\/\/climarisq.ipsl.fr\/wp-content\/uploads\/2021\/05\/image.png\" alt=\"L\u2019attribut alt de cette image est vide, son nom de fichier est image.png.\"\/><figcaption>Los componentes del clima. Fuente: ian.umces.edu\/symbols\/<\/figcaption><\/figure><\/div>\n\n\n\n<p><strong>\u00bfPodemos hacer previsiones clim\u00e1ticas?<\/strong><\/p>\n\n\n\n<p>Incluso simplificado, el sistema clim\u00e1tico sigue siendo complejo (sensibilidad a las condiciones iniciales, comportamiento ca\u00f3tico). Los sistemas ca\u00f3ticos muestran una sensibilidad exponencial a peque\u00f1as perturbaciones en las condiciones iniciales. Los sistemas de este tipo, aunque se rigen por leyes deterministas, son capaces de mostrar una aleatoriedad emp\u00edrica en la evoluci\u00f3n de las variables din\u00e1micas. En 1963, el meteor\u00f3logo estadounidense Edward N. Lorenz modeliz\u00f3 la convecci\u00f3n atmosf\u00e9rica, sin turbulencia, mediante tres ecuaciones deterministas. \u00c9stas le permitieron demostrar por primera vez el efecto mariposa, un signo de comportamiento ca\u00f3tico ilustrado por la pregunta &#8220;\u00bfPuede el aleteo de una mariposa en Brasil desencadenar un tornado en Texas?&#8221;, que apareci\u00f3 en las actas de una conferencia de Lorenz en 1972. El caos tambi\u00e9n implica que las predicciones clim\u00e1ticas son imposibles: no podemos determinar qu\u00e9 tiempo har\u00e1 el 1 de enero de 2098.<\/p>\n\n\n\n<p><strong>Proyecciones clim\u00e1ticas<\/strong><\/p>\n\n\n\n<p>En climatolog\u00eda, el t\u00e9rmino calentamiento global indica el cambio en el clima de la Tierra que se ha desarrollado a lo largo del siglo XX y que a\u00fan contin\u00faa. Este cambio se atribuye en gran medida a la emisi\u00f3n de cantidades crecientes de gases de efecto invernadero en la atm\u00f3sfera terrestre (con el consiguiente aumento del efecto invernadero) y a otros factores que la comunidad cient\u00edfica ha identificado como atribuibles a la actividad humana.<\/p>\n\n\n\n<div class=\"wp-block-image\"><figure class=\"aligncenter is-resized\"><img loading=\"lazy\" decoding=\"async\" src=\"https:\/\/climarisq.ipsl.fr\/wp-content\/uploads\/2021\/09\/image-9.png\" alt=\"L\u2019attribut alt de cette image est vide, son nom de fichier est image-9.png.\" width=\"468\" height=\"212\"\/><figcaption>Izquierda: ilustraci\u00f3n del efecto invernadero natural y el provocado por el hombre. Derecha: aumento de la concentraci\u00f3n de CO2 medido en Mauna Loa (Hawai) desde 1950. Fuente: NOAA<\/figcaption><\/figure><\/div>\n\n\n\n<p>A lo largo de la historia de la Tierra se han producido diversas variaciones en el clima que han llevado al planeta a pasar por diferentes \u00e9pocas glaciares que se alternan con per\u00edodos m\u00e1s c\u00e1lidos denominados \u00e9pocas interglaciares. Estas variaciones se deben principalmente a los cambios peri\u00f3dicos en la estructura orbital de nuestro planeta. En climatolog\u00eda, el t\u00e9rmino calentamiento global indica el cambio en el clima de la Tierra que se ha desarrollado a lo largo del siglo XX y que a\u00fan contin\u00faa. Este cambio se atribuye en gran medida a la emisi\u00f3n de cantidades crecientes de gases de efecto invernadero en la atm\u00f3sfera terrestre (con el consiguiente aumento del efecto invernadero) y a otros factores que la comunidad cient\u00edfica ha identificado como atribuibles a la actividad humana.<\/p>\n\n\n\n<p>Existe un <strong>efecto invernadero natural y otro provocado por causas artificiales<\/strong>. El natural es esencial para la vida en la Tierra porque, de lo contrario, la temperatura ser\u00eda de unos 18 grados bajo cero: la Tierra recibe la radiaci\u00f3n solar y la atm\u00f3sfera y la superficie terrestre emiten a cambio una radiaci\u00f3n infrarroja que las nubes y los gases de efecto invernadero (vapor de agua, di\u00f3xido de carbono, ozono y metano, los m\u00e1s importantes) absorben y reemiten en gran parte hacia el suelo. Pero desde la revoluci\u00f3n industrial, la actividad humana ha provocado una producci\u00f3n excesiva de CO2 y su concentraci\u00f3n ha aumentado masivamente en los \u00faltimos 150 a\u00f1os.<strong> La intensidad del efecto invernadero perturba ahora el equilibrio del medio ambiente<\/strong>. Debido al aumento global de la temperatura, los casquetes polares se est\u00e1n derritiendo y el nivel del mar est\u00e1 subiendo, provocando una alteraci\u00f3n clim\u00e1tica sin precedentes.<\/p>\n","protected":false},"excerpt":{"rendered":"<p>Uno de los objetivos de ClimarisQ es explicar la complejidad del clima. El clima es el promedio de las condiciones meteorol\u00f3gicas que prevalecen en una regi\u00f3n determinada durante un largo periodo de tiempo. Para la Organizaci\u00f3n Meteorol\u00f3gica Mundial, el periodo de referencia debe ser de al menos 30 a\u00f1os. El sistema clim\u00e1tico: un conjunto de&hellip; <a class=\"more-link\" href=\"https:\/\/climarisq.ipsl.fr\/es\/le-rechauffement-climatique\/\">Continue reading &rarr;<\/a><\/p>\n","protected":false},"author":3,"featured_media":0,"parent":0,"menu_order":0,"comment_status":"closed","ping_status":"closed","template":"","meta":{"footnotes":""},"class_list":["post-59","page","type-page","status-publish","hentry"],"translation":{"provider":"WPGlobus","version":"3.0.2","language":"es","enabled_languages":["fr","en","it","es"],"languages":{"fr":{"title":true,"content":true,"excerpt":false},"en":{"title":true,"content":true,"excerpt":false},"it":{"title":true,"content":true,"excerpt":false},"es":{"title":true,"content":true,"excerpt":false}}},"_links":{"self":[{"href":"https:\/\/climarisq.ipsl.fr\/es\/wp-json\/wp\/v2\/pages\/59","targetHints":{"allow":["GET"]}}],"collection":[{"href":"https:\/\/climarisq.ipsl.fr\/es\/wp-json\/wp\/v2\/pages"}],"about":[{"href":"https:\/\/climarisq.ipsl.fr\/es\/wp-json\/wp\/v2\/types\/page"}],"author":[{"embeddable":true,"href":"https:\/\/climarisq.ipsl.fr\/es\/wp-json\/wp\/v2\/users\/3"}],"replies":[{"embeddable":true,"href":"https:\/\/climarisq.ipsl.fr\/es\/wp-json\/wp\/v2\/comments?post=59"}],"version-history":[{"count":21,"href":"https:\/\/climarisq.ipsl.fr\/es\/wp-json\/wp\/v2\/pages\/59\/revisions"}],"predecessor-version":[{"id":394,"href":"https:\/\/climarisq.ipsl.fr\/es\/wp-json\/wp\/v2\/pages\/59\/revisions\/394"}],"wp:attachment":[{"href":"https:\/\/climarisq.ipsl.fr\/es\/wp-json\/wp\/v2\/media?parent=59"}],"curies":[{"name":"wp","href":"https:\/\/api.w.org\/{rel}","templated":true}]}}