{"id":296,"date":"2021-09-27T10:04:45","date_gmt":"2021-09-27T10:04:45","guid":{"rendered":"https:\/\/climarisq.ipsl.fr\/?page_id=296"},"modified":"2025-10-16T08:53:17","modified_gmt":"2025-10-16T08:53:17","slug":"contacts","status":"publish","type":"page","link":"https:\/\/climarisq.ipsl.fr\/es\/contacts\/","title":{"rendered":"CONTACTAR CON NOSOTROS"},"content":{"rendered":"\n<p>Si tiene alg\u00fan comentario, escr\u00edbanos a la direcci\u00f3n de correo electr\u00f3nico:<\/p>\n\n\n\n<p><a rel=\"noreferrer noopener\" href=\"mailto:climarisq@lsce.ipsl.fr\" target=\"_blank\">climarisq@lsce.ipsl.fr<\/a><\/p>\n\n\n\n<p>\u00a1Estamos escuchando todo lo que tienes que decir sobre ClimarisQ! Aunque no podemos garantizar cambios en el juego, nos aseguraremos de transmitir tus comentarios al equipo correspondiente para que puedan seguir haciendo todo lo posible por ofrecerte la mejor experiencia de juego.<\/p>\n\n\n\n<div class=\"wp-block-image\"><figure class=\"aligncenter size-large is-resized\"><img loading=\"lazy\" decoding=\"async\" src=\"https:\/\/climarisq.ipsl.fr\/wp-content\/uploads\/2021\/09\/contacts-4.png\" alt=\"\" class=\"wp-image-311\" width=\"261\" height=\"203\" srcset=\"https:\/\/climarisq.ipsl.fr\/wp-content\/uploads\/2021\/09\/contacts-4.png 709w, https:\/\/climarisq.ipsl.fr\/wp-content\/uploads\/2021\/09\/contacts-4-300x233.png 300w, https:\/\/climarisq.ipsl.fr\/wp-content\/uploads\/2021\/09\/contacts-4-400x311.png 400w\" sizes=\"auto, (max-width: 261px) 100vw, 261px\" \/><\/figure><\/div>\n\n\n\n<p><\/p>\n","protected":false},"excerpt":{"rendered":"<p>Si tiene alg\u00fan comentario, escr\u00edbanos a la direcci\u00f3n de correo electr\u00f3nico: climarisq@lsce.ipsl.fr \u00a1Estamos escuchando todo lo que tienes que decir sobre ClimarisQ! Aunque no podemos garantizar cambios en el juego, nos aseguraremos de transmitir tus comentarios al equipo correspondiente para que puedan seguir haciendo todo lo posible por ofrecerte la mejor experiencia de juego.<\/p>\n","protected":false},"author":3,"featured_media":0,"parent":0,"menu_order":0,"comment_status":"closed","ping_status":"closed","template":"","meta":{"footnotes":""},"class_list":["post-296","page","type-page","status-publish","hentry"],"translation":{"provider":"WPGlobus","version":"3.0.2","language":"es","enabled_languages":["fr","en","it","es"],"languages":{"fr":{"title":true,"content":true,"excerpt":false},"en":{"title":true,"content":true,"excerpt":false},"it":{"title":true,"content":true,"excerpt":false},"es":{"title":true,"content":true,"excerpt":false}}},"_links":{"self":[{"href":"https:\/\/climarisq.ipsl.fr\/es\/wp-json\/wp\/v2\/pages\/296","targetHints":{"allow":["GET"]}}],"collection":[{"href":"https:\/\/climarisq.ipsl.fr\/es\/wp-json\/wp\/v2\/pages"}],"about":[{"href":"https:\/\/climarisq.ipsl.fr\/es\/wp-json\/wp\/v2\/types\/page"}],"author":[{"embeddable":true,"href":"https:\/\/climarisq.ipsl.fr\/es\/wp-json\/wp\/v2\/users\/3"}],"replies":[{"embeddable":true,"href":"https:\/\/climarisq.ipsl.fr\/es\/wp-json\/wp\/v2\/comments?post=296"}],"version-history":[{"count":10,"href":"https:\/\/climarisq.ipsl.fr\/es\/wp-json\/wp\/v2\/pages\/296\/revisions"}],"predecessor-version":[{"id":464,"href":"https:\/\/climarisq.ipsl.fr\/es\/wp-json\/wp\/v2\/pages\/296\/revisions\/464"}],"wp:attachment":[{"href":"https:\/\/climarisq.ipsl.fr\/es\/wp-json\/wp\/v2\/media?parent=296"}],"curies":[{"name":"wp","href":"https:\/\/api.w.org\/{rel}","templated":true}]}}