{"id":2,"date":"2020-05-05T07:45:34","date_gmt":"2020-05-05T07:45:34","guid":{"rendered":"https:\/\/climarisq.ipsl.fr\/?page_id=2"},"modified":"2025-10-16T08:53:17","modified_gmt":"2025-10-16T08:53:17","slug":"le-jeu","status":"publish","type":"page","link":"https:\/\/climarisq.ipsl.fr\/es\/le-jeu\/","title":{"rendered":"JUGAR EL JUEGO"},"content":{"rendered":"\n<p><a href=\"https:\/\/climarisq.ipsl.fr\/ClimarisQ\/\">Para jugar a la ultima versi\u00f3n de ClimarisQ <strong>en la web<\/strong>, haz clic <strong>aqu\u00ed<\/strong>!<\/a><\/p>\n\n\n\n<p><a href=\"https:\/\/play.google.com\/store\/apps\/details?id=com.OpalGames.ClimaRisk\">Para jugar a la ultima versi\u00f3n de ClimarisQ Smartphone\/Tablet <strong>en Android\/Google<\/strong>, haz clic<\/a>:<\/p>\n\n\n\n<div class=\"wp-block-columns is-layout-flex wp-container-core-columns-is-layout-9d6595d7 wp-block-columns-is-layout-flex\">\n<div class=\"wp-block-column is-layout-flow wp-block-column-is-layout-flow\">\n<figure class=\"wp-block-image size-large\"><a href=\"https:\/\/play.google.com\/store\/apps\/details?id=com.OpalGames.ClimaRisk&amp;pli=1\"><img loading=\"lazy\" decoding=\"async\" width=\"1024\" height=\"303\" src=\"https:\/\/climarisq.ipsl.fr\/wp-content\/uploads\/2023\/02\/image-8-1024x303.png\" alt=\"\" class=\"wp-image-539\" srcset=\"https:\/\/climarisq.ipsl.fr\/wp-content\/uploads\/2023\/02\/image-8-1024x303.png 1024w, https:\/\/climarisq.ipsl.fr\/wp-content\/uploads\/2023\/02\/image-8-300x89.png 300w, https:\/\/climarisq.ipsl.fr\/wp-content\/uploads\/2023\/02\/image-8-768x227.png 768w, https:\/\/climarisq.ipsl.fr\/wp-content\/uploads\/2023\/02\/image-8-1536x454.png 1536w, https:\/\/climarisq.ipsl.fr\/wp-content\/uploads\/2023\/02\/image-8-2048x606.png 2048w, https:\/\/climarisq.ipsl.fr\/wp-content\/uploads\/2023\/02\/image-8-740x219.png 740w, https:\/\/climarisq.ipsl.fr\/wp-content\/uploads\/2023\/02\/image-8-400x118.png 400w\" sizes=\"auto, (max-width: 1024px) 100vw, 1024px\" \/><\/a><\/figure>\n<\/div>\n\n\n\n<div class=\"wp-block-column is-layout-flow wp-block-column-is-layout-flow\">\n<figure class=\"wp-block-image size-large\"><a href=\"https:\/\/apps.apple.com\/fr\/app\/climarisq\/id6445826812\"><img loading=\"lazy\" decoding=\"async\" width=\"1024\" height=\"303\" src=\"https:\/\/climarisq.ipsl.fr\/wp-content\/uploads\/2023\/02\/image-9-1024x303.png\" alt=\"\" class=\"wp-image-540\" srcset=\"https:\/\/climarisq.ipsl.fr\/wp-content\/uploads\/2023\/02\/image-9-1024x303.png 1024w, https:\/\/climarisq.ipsl.fr\/wp-content\/uploads\/2023\/02\/image-9-300x89.png 300w, https:\/\/climarisq.ipsl.fr\/wp-content\/uploads\/2023\/02\/image-9-768x227.png 768w, https:\/\/climarisq.ipsl.fr\/wp-content\/uploads\/2023\/02\/image-9-1536x454.png 1536w, https:\/\/climarisq.ipsl.fr\/wp-content\/uploads\/2023\/02\/image-9-2048x606.png 2048w, https:\/\/climarisq.ipsl.fr\/wp-content\/uploads\/2023\/02\/image-9-740x219.png 740w, https:\/\/climarisq.ipsl.fr\/wp-content\/uploads\/2023\/02\/image-9-400x118.png 400w\" sizes=\"auto, (max-width: 1024px) 100vw, 1024px\" \/><\/a><\/figure>\n<\/div>\n<\/div>\n\n\n<div class=\"wp-block-image\">\n<figure class=\"aligncenter is-resized\"><img decoding=\"async\" src=\"https:\/\/climarisq.ipsl.fr\/wp-content\/uploads\/2021\/05\/image-6.png\" alt=\"L\u2019attribut alt de cette image est vide, son nom de fichier est image-6.png.\" style=\"width:291px;height:210px\"\/><\/figure>\n<\/div>\n\n\n<p><\/p>\n\n\n\n<p><strong>Objetivos del juego<\/strong><\/p>\n\n\n\n<ol class=\"wp-block-list\">\n<li>Explorar los efectos de las opciones de mitigaci\u00f3n y adaptaci\u00f3n a los fen\u00f3menos clim\u00e1ticos extremos a nivel local, regional y mundial. \u00bfPodr\u00eda lograr una trayectoria m\u00e1s ecol\u00f3gica que el escenario de emisiones RCP 4.5 del IPCC?<\/li>\n\n\n\n<li>Explorar los mecanismos de retroalimentaci\u00f3n (sobre todo f\u00edsicos, pero tambi\u00e9n econ\u00f3micos y sociales) que producen efectos extremos en el sistema clim\u00e1tico.<\/li>\n<\/ol>\n\n\n<div class=\"wp-block-image\">\n<figure class=\"aligncenter is-resized\"><img decoding=\"async\" src=\"https:\/\/climarisq.ipsl.fr\/wp-content\/uploads\/2021\/05\/meme4-1.png\" alt=\"L\u2019attribut alt de cette image est vide, son nom de fichier est meme4-1.png.\" style=\"width:201px;height:167px\"\/><\/figure>\n<\/div>\n\n\n<p><strong>El mecanismo del juego<\/strong><\/p>\n\n\n\n<ol class=\"wp-block-list\">\n<li>Tomar decisiones a escala continental y ver el impacto de estas decisiones en la econom\u00eda, la pol\u00edtica y el medio ambiente.<\/li>\n\n\n\n<li>Enfrentarse a acontecimientos extremos (olas de calor, olas de fr\u00edo, lluvias torrenciales y sequ\u00edas) generados por un modelo clim\u00e1tico real.<\/li>\n\n\n\n<li>Intentar equilibrar los indicadores de \u201cpopularidad\u201d, \u201cecolog\u00eda\u201d y \u201cfinanzas\u201d el mayor tiempo posible. Completa todas las misiones para explorar diferentes climas.<\/li>\n<\/ol>\n\n\n<div class=\"wp-block-image\">\n<figure class=\"aligncenter is-resized\"><img decoding=\"async\" src=\"https:\/\/climarisq.ipsl.fr\/wp-content\/uploads\/2021\/10\/image.png\" alt=\"L\u2019attribut alt de cette image est vide, son nom de fichier est image.png.\" style=\"width:417px;height:375px\"\/><figcaption class=\"wp-element-caption\">Ejemplo de la pantalla de juego<\/figcaption><\/figure>\n<\/div>\n\n\n<p><strong>Game Over<\/strong><\/p>\n\n\n\n<p>El juego muestra tanto la desviaci\u00f3n en PPM (partes por mill\u00f3n) de CO2 respecto al escenario intermedio de emisiones de gases de efecto invernadero establecido por el IPCC (RCP4.5), como el n\u00famero de turnos de juego de supervivencia. Estos elementos estimulan la reflexi\u00f3n sobre el cambio clim\u00e1tico y motivan al jugador a hacerlo mejor la pr\u00f3xima vez. Gracias a los peligros introducidos por los eventos extremos y las cartas, \u00a1cada partida es diferente!<\/p>\n\n\n<div class=\"wp-block-image\">\n<figure class=\"aligncenter size-large is-resized\"><img loading=\"lazy\" decoding=\"async\" width=\"482\" height=\"522\" src=\"https:\/\/climarisq.ipsl.fr\/wp-content\/uploads\/2021\/10\/image-1.png\" alt=\"\" class=\"wp-image-356\" style=\"width:234px;height:253px\" srcset=\"https:\/\/climarisq.ipsl.fr\/wp-content\/uploads\/2021\/10\/image-1.png 482w, https:\/\/climarisq.ipsl.fr\/wp-content\/uploads\/2021\/10\/image-1-277x300.png 277w, https:\/\/climarisq.ipsl.fr\/wp-content\/uploads\/2021\/10\/image-1-400x433.png 400w\" sizes=\"auto, (max-width: 482px) 100vw, 482px\" \/><\/figure>\n<\/div>\n\n\n<p><\/p>\n","protected":false},"excerpt":{"rendered":"<p>Para jugar a la ultima versi\u00f3n de ClimarisQ en la web, haz clic aqu\u00ed! Para jugar a la ultima versi\u00f3n de ClimarisQ Smartphone\/Tablet en Android\/Google, haz clic: Objetivos del juego El mecanismo del juego Game Over El juego muestra tanto la desviaci\u00f3n en PPM (partes por mill\u00f3n) de CO2 respecto al escenario intermedio de emisiones&hellip; <a class=\"more-link\" href=\"https:\/\/climarisq.ipsl.fr\/es\/le-jeu\/\">Continue reading &rarr;<\/a><\/p>\n","protected":false},"author":1,"featured_media":0,"parent":0,"menu_order":0,"comment_status":"closed","ping_status":"closed","template":"","meta":{"footnotes":""},"class_list":["post-2","page","type-page","status-publish","hentry"],"translation":{"provider":"WPGlobus","version":"3.0.2","language":"es","enabled_languages":["fr","en","it","es"],"languages":{"fr":{"title":true,"content":true,"excerpt":false},"en":{"title":true,"content":true,"excerpt":false},"it":{"title":true,"content":true,"excerpt":false},"es":{"title":true,"content":true,"excerpt":false}}},"_links":{"self":[{"href":"https:\/\/climarisq.ipsl.fr\/es\/wp-json\/wp\/v2\/pages\/2","targetHints":{"allow":["GET"]}}],"collection":[{"href":"https:\/\/climarisq.ipsl.fr\/es\/wp-json\/wp\/v2\/pages"}],"about":[{"href":"https:\/\/climarisq.ipsl.fr\/es\/wp-json\/wp\/v2\/types\/page"}],"author":[{"embeddable":true,"href":"https:\/\/climarisq.ipsl.fr\/es\/wp-json\/wp\/v2\/users\/1"}],"replies":[{"embeddable":true,"href":"https:\/\/climarisq.ipsl.fr\/es\/wp-json\/wp\/v2\/comments?post=2"}],"version-history":[{"count":78,"href":"https:\/\/climarisq.ipsl.fr\/es\/wp-json\/wp\/v2\/pages\/2\/revisions"}],"predecessor-version":[{"id":560,"href":"https:\/\/climarisq.ipsl.fr\/es\/wp-json\/wp\/v2\/pages\/2\/revisions\/560"}],"wp:attachment":[{"href":"https:\/\/climarisq.ipsl.fr\/es\/wp-json\/wp\/v2\/media?parent=2"}],"curies":[{"name":"wp","href":"https:\/\/api.w.org\/{rel}","templated":true}]}}