{"id":138,"date":"2021-05-21T15:00:44","date_gmt":"2021-05-21T15:00:44","guid":{"rendered":"https:\/\/climarisq.ipsl.fr\/?page_id=138"},"modified":"2025-10-16T08:53:17","modified_gmt":"2025-10-16T08:53:17","slug":"emissions-co2-et-numerique","status":"publish","type":"page","link":"https:\/\/climarisq.ipsl.fr\/es\/emissions-co2-et-numerique\/","title":{"rendered":"EMISIONES DIGITALES DE CO2"},"content":{"rendered":"\n<p>ClimarisQ es un videojuego y, como todos los usos digitales, los juegos forman parte de nuestra vida cotidiana. Las herramientas digitales mejoran los intercambios y el intercambio de informaci\u00f3n. Si bien podemos identificar los puntos positivos de estos avances desde el punto de vista ecol\u00f3gico debido a la reducci\u00f3n de nuestros desplazamientos, tambi\u00e9n hay elementos que pueden aumentar las emisiones de gases de efecto invernadero, como la multiplicaci\u00f3n de equipos, el aumento del consumo de energ\u00eda y materias primas, el aumento de las emisiones de gases de efecto invernadero, la producci\u00f3n de residuos,\u2026 He aqu\u00ed algunos consejos para utilizar la tecnolog\u00eda digital de forma ecol\u00f3gica.<\/p>\n\n\n\n<div class=\"wp-block-image\"><figure class=\"aligncenter is-resized\"><img loading=\"lazy\" decoding=\"async\" src=\"https:\/\/climarisq.ipsl.fr\/wp-content\/uploads\/2021\/09\/image-14.png\" alt=\"L\u2019attribut alt de cette image est vide, son nom de fichier est image-14.png.\" width=\"179\" height=\"161\"\/><\/figure><\/div>\n\n\n\n<p><strong>Digital y material<\/strong><\/p>\n\n\n\n<p>Parad\u00f3jicamente, cuanto m\u00e1s desmaterializamos, m\u00e1s materiales utilizamos. Cuanto m\u00e1s miniaturizamos y hacemos los componentes m\u00e1s complejos, m\u00e1s pesado es su impacto en el medio ambiente. La fabricaci\u00f3n de componentes complejos requiere mucha energ\u00eda, tratamientos qu\u00edmicos y metales raros: el tantalio, por ejemplo, que es esencial para los tel\u00e9fonos m\u00f3viles; o el indio, que es esencial para los tel\u00e9fonos planos. La fase de producci\u00f3n tambi\u00e9n es m\u00e1s intensiva en energ\u00eda que la fase de uso del consumidor. La fase de producci\u00f3n tambi\u00e9n es m\u00e1s intensiva en energ\u00eda que la fase de uso del producto por parte del consumidor. Tambi\u00e9n emite m\u00e1s emisiones de CO2, ya que la mayor\u00eda de los componentes se producen en China o Corea, cuya electricidad procede del carb\u00f3n y, por tanto, pesa mucho en el cambio clim\u00e1tico. Su transporte (generalmente por v\u00eda a\u00e9rea) aumenta el peso. Para limitar estos impactos, es esencial evitar sustituir nuestros art\u00edculos con demasiada frecuencia, ya que el reciclaje de productos electr\u00f3nicos es complejo y caro.<\/p>\n","protected":false},"excerpt":{"rendered":"<p>ClimarisQ es un videojuego y, como todos los usos digitales, los juegos forman parte de nuestra vida cotidiana. Las herramientas digitales mejoran los intercambios y el intercambio de informaci\u00f3n. Si bien podemos identificar los puntos positivos de estos avances desde el punto de vista ecol\u00f3gico debido a la reducci\u00f3n de nuestros desplazamientos, tambi\u00e9n hay elementos&hellip; <a class=\"more-link\" href=\"https:\/\/climarisq.ipsl.fr\/es\/emissions-co2-et-numerique\/\">Continue reading &rarr;<\/a><\/p>\n","protected":false},"author":3,"featured_media":0,"parent":0,"menu_order":0,"comment_status":"closed","ping_status":"closed","template":"","meta":{"footnotes":""},"class_list":["post-138","page","type-page","status-publish","hentry"],"translation":{"provider":"WPGlobus","version":"3.0.2","language":"es","enabled_languages":["fr","en","it","es"],"languages":{"fr":{"title":true,"content":true,"excerpt":false},"en":{"title":true,"content":true,"excerpt":false},"it":{"title":true,"content":true,"excerpt":false},"es":{"title":true,"content":true,"excerpt":false}}},"_links":{"self":[{"href":"https:\/\/climarisq.ipsl.fr\/es\/wp-json\/wp\/v2\/pages\/138","targetHints":{"allow":["GET"]}}],"collection":[{"href":"https:\/\/climarisq.ipsl.fr\/es\/wp-json\/wp\/v2\/pages"}],"about":[{"href":"https:\/\/climarisq.ipsl.fr\/es\/wp-json\/wp\/v2\/types\/page"}],"author":[{"embeddable":true,"href":"https:\/\/climarisq.ipsl.fr\/es\/wp-json\/wp\/v2\/users\/3"}],"replies":[{"embeddable":true,"href":"https:\/\/climarisq.ipsl.fr\/es\/wp-json\/wp\/v2\/comments?post=138"}],"version-history":[{"count":22,"href":"https:\/\/climarisq.ipsl.fr\/es\/wp-json\/wp\/v2\/pages\/138\/revisions"}],"predecessor-version":[{"id":444,"href":"https:\/\/climarisq.ipsl.fr\/es\/wp-json\/wp\/v2\/pages\/138\/revisions\/444"}],"wp:attachment":[{"href":"https:\/\/climarisq.ipsl.fr\/es\/wp-json\/wp\/v2\/media?parent=138"}],"curies":[{"name":"wp","href":"https:\/\/api.w.org\/{rel}","templated":true}]}}