{"id":23,"date":"2020-08-04T20:41:34","date_gmt":"2020-08-04T20:41:34","guid":{"rendered":"https:\/\/climarisq.ipsl.fr\/?page_id=23"},"modified":"2025-10-16T08:53:17","modified_gmt":"2025-10-16T08:53:17","slug":"credits","status":"publish","type":"page","link":"https:\/\/climarisq.ipsl.fr\/en\/credits\/","title":{"rendered":"CREDITS"},"content":{"rendered":"\n<p><em>ClimarisQ<\/em>&nbsp;is a game conceived by the CNRS researcher <a href=\"https:\/\/www.lsce.ipsl.fr\/Pisp\/davide.faranda\/\">Davide Faranda<\/a> through the CNRS &#8211; AMCSTI &#8211; ISC-PIF scientific mediation incubator on complex systems. The development of&nbsp;<em>ClimarisQ<\/em>, powered by the videogame company <a href=\"http:\/\/opalgames.fr\/\">Opal Games<\/a>,&nbsp;has been financially supported by <strong>the University of Paris-Saclay&nbsp;:&nbsp;<\/strong><a href=\"https:\/\/www.ladiagonale-paris-saclay.fr\/\"><strong>La Diagonale Paris-Saclay<\/strong><\/a><strong>.<\/strong>&nbsp;The project has been also supported by:<\/p>\n\n\n\n<ul class=\"wp-block-list\">\n<li>The&nbsp;<a href=\"https:\/\/www.lsce.ipsl.fr\/\"><strong>Laboratoire des Sciences du Climat et de l&#8217;Evironnement<\/strong><\/a><strong> <\/strong>(LSCE) and <a href=\"https:\/\/www.ipsl.fr\/\"><strong>the Institut Pierre Simon Laplace<\/strong><\/a> (IPSL) are developing the scientific part of the game.&nbsp; LSCE provides the scientific support and the &#8220;translation&#8221; in carbon cost of the players&#8217; choices.<\/li>\n\n\n\n<li>The&nbsp;<a href=\"https:\/\/www.cnrs. en\/en\/page-daccueil\"><strong>CNRS<\/strong><\/a> commits to supporting&nbsp;<em>ClimarisQ<\/em>&nbsp;in outreach forums and to promoting&nbsp;<em>ClimarisQ<\/em>&nbsp;on social networks. <\/li>\n\n\n\n<li>The <strong><u>CEA<\/u><\/strong>&nbsp;supports the promotion of&nbsp;<em>ClimarisQ&nbsp;<\/em>by organizing communication activities&nbsp;: International Games Festival (Cannes, 2020), Forum-Weather\/Climate 2020, dissemination on social networks and websites. <\/li>\n\n\n\n<li><a href=\"http:\/\/universcience.fr\/fr\/nous-connaitre\/palais-de-la-decouverte\/\"><strong>Universcience, Palais de la&nbsp;d\u00e9couverte<\/strong><\/a>, a partner involved in the drafting and design of the project, is participating in the outreach activities of the game.<\/li>\n\n\n\n<li><a href=\"https:\/\/www.su-ite. eu\/\"><strong>L&#8217;Institut de la Transition Environnementale (ITE) de Sorbonne Universit\u00e9<\/strong><\/a> contributed to the development of the video game and the production of <a href=\"https:\/\/www.su-ite.eu\/nexus-videos-cles\/a3\/\" data-type=\"URL\" data-id=\"https:\/\/www.su-ite.eu\/nexus-videos-cles\/a3\/\">NEXUS KEY VIDEOS <\/a>on climate change.<\/li>\n\n\n\n<li><strong>Le <a href=\"https:\/\/lml.org.uk\/\">London Mathematical Laboratorty (LML) <\/a><\/strong>a contribu\u00e9 au d\u00e9veloppement du jeu gr\u00e2ce \u00e0 l&#8217;aide de <a href=\"https:\/\/www.executivesc.com\/\"><strong>Executive Support Consultants<\/strong><\/a><\/li>\n<\/ul>\n\n\n<div class=\"wp-block-image\">\n<figure class=\"aligncenter size-large is-resized\"><img loading=\"lazy\" decoding=\"async\" src=\"https:\/\/climarisq.ipsl.fr\/wp-content\/uploads\/2021\/09\/logo-789x1024.png\" alt=\"\" class=\"wp-image-186\" width=\"516\" height=\"670\" srcset=\"https:\/\/climarisq.ipsl.fr\/wp-content\/uploads\/2021\/09\/logo-789x1024.png 789w, https:\/\/climarisq.ipsl.fr\/wp-content\/uploads\/2021\/09\/logo-231x300.png 231w, https:\/\/climarisq.ipsl.fr\/wp-content\/uploads\/2021\/09\/logo-768x996.png 768w, https:\/\/climarisq.ipsl.fr\/wp-content\/uploads\/2021\/09\/logo-740x960.png 740w, https:\/\/climarisq.ipsl.fr\/wp-content\/uploads\/2021\/09\/logo-400x519.png 400w, https:\/\/climarisq.ipsl.fr\/wp-content\/uploads\/2021\/09\/logo.png 902w\" sizes=\"auto, (max-width: 516px) 100vw, 516px\" \/><\/figure>\n<\/div>\n\n\n<p><span style=\"text-decoration: underline;\"><strong>Auteurs<\/strong><\/span><\/p>\n\n\n\n<ul class=\"wp-block-list\">\n<li><strong><a href=\"https:\/\/www.lsce.ipsl.fr\/Pisp\/davide.faranda\/\">Davide Faranda<\/a><\/strong> (LSCE, IPSL, CNRS, CEA Saclay, Universit\u00e9 Paris Saclay, UVSQ), ideator, author of the texts and of English and Italian translations, scientific leader of the <em>ClimarisQ<\/em> project. <\/li>\n\n\n\n<li><strong>Lucas Taligrot<\/strong> (LSCE, IPSL, CNRS, CEA Saclay, Universit\u00e9 Paris Saclay, UVSQ), <em>ClimarisQ<\/em> project manager.<\/li>\n\n\n\n<li><strong>Nada Caud<\/strong>&nbsp;(LSCE, IPSL, CNRS, CEA Saclay, Universit\u00e9 Paris Saclay, UVSQ), <em>ClimarisQ<\/em> communication manager <\/li>\n\n\n\n<li><strong>Anne Teyss\u00e8dre<\/strong> (SU-ITE), ecologist and interdisciplinary scientific mediator, involved in the drafting and design of the project.<\/li>\n\n\n\n<li>The <strong>Opal Games<\/strong> team: Fran\u00e7ois Renou (project manager\/game designer), Renaud Chanin (programmer), Philippe Caseiro (graphic designer)<\/li>\n<\/ul>\n\n\n\n<p><strong>Contributors<\/strong><\/p>\n\n\n\n<ul class=\"wp-block-list\">\n<li>Soulivanh Thao, Pascal Yiou, Mathieu Vrac, Nathalie de Noblet, Philippe Naveau &amp; Robert Vautard&nbsp; (ESTIMR-LSCE-IPSL, researchers)<\/li>\n\n\n\n<li>C\u00e9line Lipari, V\u00e9ronique Arnaud (CEA Communication)<\/li>\n\n\n\n<li>Marielle Verg\u00e8s&nbsp;(Universcience, outreach agent at the Cit\u00e9 des sciences et de l&#8217;industrie and project manager at the Palais de la d\u00e9couverte), in charge of the ClimarisQ outreach projects.<\/li>\n\n\n\n<li>Alain Mazaud (Communication LSCE IPSL)<\/li>\n\n\n\n<li>Catherine Senior, Isabelle Genau and Marie Pinhas (Communication IPSL)<\/li>\n\n\n\n<li>Marjorie Tarjon&nbsp; (Communication la Diagonale &#8211; Paris Saclay)<\/li>\n\n\n\n<li>Emilie Smondack (Communication CNRS)<\/li>\n\n\n\n<li>Chloe Scragg (Consultant for the English version)<\/li>\n\n\n\n<li>Heloise Breon &amp; Soren Francois (Interns)<\/li>\n\n\n\n<li>Strate (design):&nbsp; Bastien Perdriault, Natalia Vankovic, Anaelle Grosbois, Victor Duflos, Pierre-Alain Auclair, Paul-Maxence Baraton, Clarisse Derobert-Masure<\/li>\n\n\n\n<li>Laurent Desse, Maxime Jacquot, Elodie Vigner (contributeurs)<\/li>\n\n\n\n<li>Mireia Ginesta (Spanish Translation)<\/li>\n\n\n\n<li>Meriem Krouma (Arabic translation)<\/li>\n\n\n\n<li>Andra Covaciu (Romanian translation)<\/li>\n<\/ul>\n\n\n\n<p><\/p>\n","protected":false},"excerpt":{"rendered":"<p>ClimarisQ&nbsp;is a game conceived by the CNRS researcher Davide Faranda through the CNRS &#8211; AMCSTI &#8211; ISC-PIF scientific mediation incubator on complex systems. The development of&nbsp;ClimarisQ, powered by the videogame company Opal Games,&nbsp;has been financially supported by the University of Paris-Saclay&nbsp;:&nbsp;La Diagonale Paris-Saclay.&nbsp;The project has been also supported by: Auteurs Contributors<\/p>\n","protected":false},"author":4,"featured_media":0,"parent":0,"menu_order":0,"comment_status":"closed","ping_status":"closed","template":"","meta":{"footnotes":""},"class_list":["post-23","page","type-page","status-publish","hentry"],"translation":{"provider":"WPGlobus","version":"3.0.2","language":"en","enabled_languages":["fr","en","it","es"],"languages":{"fr":{"title":true,"content":true,"excerpt":false},"en":{"title":true,"content":true,"excerpt":false},"it":{"title":true,"content":true,"excerpt":false},"es":{"title":true,"content":true,"excerpt":false}}},"_links":{"self":[{"href":"https:\/\/climarisq.ipsl.fr\/en\/wp-json\/wp\/v2\/pages\/23","targetHints":{"allow":["GET"]}}],"collection":[{"href":"https:\/\/climarisq.ipsl.fr\/en\/wp-json\/wp\/v2\/pages"}],"about":[{"href":"https:\/\/climarisq.ipsl.fr\/en\/wp-json\/wp\/v2\/types\/page"}],"author":[{"embeddable":true,"href":"https:\/\/climarisq.ipsl.fr\/en\/wp-json\/wp\/v2\/users\/4"}],"replies":[{"embeddable":true,"href":"https:\/\/climarisq.ipsl.fr\/en\/wp-json\/wp\/v2\/comments?post=23"}],"version-history":[{"count":40,"href":"https:\/\/climarisq.ipsl.fr\/en\/wp-json\/wp\/v2\/pages\/23\/revisions"}],"predecessor-version":[{"id":516,"href":"https:\/\/climarisq.ipsl.fr\/en\/wp-json\/wp\/v2\/pages\/23\/revisions\/516"}],"wp:attachment":[{"href":"https:\/\/climarisq.ipsl.fr\/en\/wp-json\/wp\/v2\/media?parent=23"}],"curies":[{"name":"wp","href":"https:\/\/api.w.org\/{rel}","templated":true}]}}